{"id":133,"date":"2023-07-17T13:55:15","date_gmt":"2023-07-17T11:55:15","guid":{"rendered":"http:\/\/www.guido-hieronymus.de\/?page_id=133"},"modified":"2023-07-30T23:36:52","modified_gmt":"2023-07-30T21:36:52","slug":"mastering","status":"publish","type":"page","link":"http:\/\/www.guido-hieronymus.de\/?page_id=133","title":{"rendered":"Mastering"},"content":{"rendered":"<p>I have been doing pre-mastering for about 30 years and have naturally gained a lot of experience in various music styles. I work with both analog equipment, such as the Studer d19 tube preamp or the high-end compressor from the blue series Dbx 160 Sl, as well as numerous plug-ins. In this regard, I have had international as well as local orders for example;<\/p>\n<p><span class=\"main_desc\">Grandmaster Flash , Pressure Drop , Ronny Size , DJ Shadow, Captain Jack , Cretu , Tony Lakatos , Megaherz , Adrian Mears , Popol Vuh, Patrick Gammon , Zappelbude ( Wolfgang Haffner ) , Noah Saw , Shalena , Pornkings , De Junge , Mackanzies , Jeanette , Mustard Seeds , Basic Connection , The Core , Senait ,Beat Power Music , Freshn Funky , Rodriguez , Rauhfaser , Mario Lopez , Basic Connection, Negakuss , Fun Factory , P.M.Sampson , JMX-Project , JAM-X, Marianne &amp; Michael , die Saitentratzer , Rudi Zapf , Alpenland, Johannes Enders , Quatro Nuevo , Roberto di Gioia , Peter O`Mara , Azhar Kamal , Sheer Cerebral Power, Willy Astor , Martina Eisenreich, Orchester B\u00fcrger-Kraitmeier , Lisa Wahlandt , Wally Warning , Michael Kolb, Sternschnuppe, Lailo, Alberto Marsico, Christian Rover, Scales Brothers, Jeff Goodman, Ori Bata, Br\u00fcning v. Alten, Klezmorim , H\u00fclya , Mulo Franzl , Mind Games , Franz Benton , Axel Kr\u00f6ll and so on&#8230;..<br \/>\n<\/span><\/p>\n","protected":false},"excerpt":{"rendered":"<p>I have been doing pre-mastering for about 30 years and have naturally gained a lot of experience in various music styles. I work with both&hellip;<\/p>\n","protected":false},"author":1,"featured_media":0,"parent":0,"menu_order":0,"comment_status":"closed","ping_status":"closed","template":"","meta":[],"_links":{"self":[{"href":"http:\/\/www.guido-hieronymus.de\/index.php?rest_route=\/wp\/v2\/pages\/133"}],"collection":[{"href":"http:\/\/www.guido-hieronymus.de\/index.php?rest_route=\/wp\/v2\/pages"}],"about":[{"href":"http:\/\/www.guido-hieronymus.de\/index.php?rest_route=\/wp\/v2\/types\/page"}],"author":[{"embeddable":true,"href":"http:\/\/www.guido-hieronymus.de\/index.php?rest_route=\/wp\/v2\/users\/1"}],"replies":[{"embeddable":true,"href":"http:\/\/www.guido-hieronymus.de\/index.php?rest_route=%2Fwp%2Fv2%2Fcomments&post=133"}],"version-history":[{"count":4,"href":"http:\/\/www.guido-hieronymus.de\/index.php?rest_route=\/wp\/v2\/pages\/133\/revisions"}],"predecessor-version":[{"id":248,"href":"http:\/\/www.guido-hieronymus.de\/index.php?rest_route=\/wp\/v2\/pages\/133\/revisions\/248"}],"wp:attachment":[{"href":"http:\/\/www.guido-hieronymus.de\/index.php?rest_route=%2Fwp%2Fv2%2Fmedia&parent=133"}],"curies":[{"name":"wp","href":"https:\/\/api.w.org\/{rel}","templated":true}]}}